{"id":585,"date":"2024-03-25T11:05:03","date_gmt":"2024-03-25T10:05:03","guid":{"rendered":"https:\/\/www2.domainedebasil.com\/?page_id=585"},"modified":"2024-04-29T10:38:38","modified_gmt":"2024-04-29T08:38:38","slug":"residence-du-faude","status":"publish","type":"page","link":"https:\/\/www.domainedebasil.com\/en\/residence-du-faude\/","title":{"rendered":"Le domaine de Basil, h\u00f4tel \u00e0 Orbey"},"content":{"rendered":"<p><\/p>\n<h2>H\u00d4TEL EN ALSACE<\/h2>\n<div class=\"desc\">\n<p>L\u2019h\u00f4tel est nich\u00e9 en pleine nature, \u00e0 <strong>700 m\u00e8tres d\u2019altitude sur un flanc de montagne.<\/strong> Dans un cadre verdoyant, sa situation vous offre un air de toute puret\u00e9toute l\u2019ann\u00e9e et une vue imprenable sur la for\u00eat environnante, calme et repos assur\u00e9s !<\/p>\n<p>Nous pouvons accueillir jusqu\u2019\u00e0 33 personnes, r\u00e9parties en 5 chambres doubles, 2 chambres familiales, 2 suites familiales et 1 suite enti\u00e8rement \u00e9quip\u00e9e Personne \u00e0 Mobilit\u00e9 R\u00e9duite. Nous proposons plusieurs formules : chambre + petits-d\u00e9jeuners, soir\u00e9e \u00e9tape, demi-pension ou location d\u2019appartement. <strong>Les <\/strong>chambres sont confortables, soign\u00e9es et lumineuses. Certaines sont dot\u00e9es de terrasses orient\u00e9es sud-ouest et de salon TV.<\/p>\n<p>Sur place : cartes de randonn\u00e9es, cartes VTT, livres, magazines, jeux de soci\u00e9t\u00e9s, ping-pong, bient\u00f4t jeux ext\u00e9rieurs pour enfants et location de VTT Nous sommes \u00e0 votre \u00e9coute pour organiser \u00ab \u00e0 la carte \u00bb vos <strong>s\u00e9jours<\/strong> et vos <strong>\u00e9v\u00e9nements<\/strong> (mariages, anniversaires, s\u00e9minaires, f\u00eates, communions, michoui, barbecue\u2026)<\/p>\n<p><strong>2 nuit\u00e9es minimum durant les week-end du March\u00e9 de No\u00ebl, merci de votre compr\u00e9hension.<\/strong><\/p>\n<\/div>\n<p><\/p>","protected":false},"excerpt":{"rendered":"<p>H\u00d4TEL EN ALSACE L\u2019h\u00f4tel est nich\u00e9 en pleine nature, \u00e0 700 m\u00e8tres d\u2019altitude sur un flanc de montagne. Dans un cadre verdoyant, sa situation vous offre un air de toute puret\u00e9toute l\u2019ann\u00e9e et une vue imprenable sur la for\u00eat environnante, calme et repos assur\u00e9s ! Nous pouvons accueillir jusqu\u2019\u00e0 33 personnes, r\u00e9parties en 5 chambres [&hellip;]<\/p>\n","protected":false},"author":1,"featured_media":571,"parent":0,"menu_order":0,"comment_status":"closed","ping_status":"closed","template":"template-parts\/tpl-domainebasil.php","meta":{"_seopress_robots_primary_cat":"","_seopress_titles_title":"R\u00e9sidence du Faud\u00e9 - G\u00eetes \u00e0 Orbey en Alsace","_seopress_titles_desc":"D\u00e9couvrez la R\u00e9sidence du Faud\u00e9 \u00e0 Orbey. Nos g\u00eetes vous offrent un cadre chaleureux et authentique pour un s\u00e9jour inoubliable au c\u0153ur de l'Alsace.","_seopress_robots_index":"","footnotes":""},"acf":[],"_links":{"self":[{"href":"https:\/\/www.domainedebasil.com\/en\/wp-json\/wp\/v2\/pages\/585"}],"collection":[{"href":"https:\/\/www.domainedebasil.com\/en\/wp-json\/wp\/v2\/pages"}],"about":[{"href":"https:\/\/www.domainedebasil.com\/en\/wp-json\/wp\/v2\/types\/page"}],"author":[{"embeddable":true,"href":"https:\/\/www.domainedebasil.com\/en\/wp-json\/wp\/v2\/users\/1"}],"replies":[{"embeddable":true,"href":"https:\/\/www.domainedebasil.com\/en\/wp-json\/wp\/v2\/comments?post=585"}],"version-history":[{"count":10,"href":"https:\/\/www.domainedebasil.com\/en\/wp-json\/wp\/v2\/pages\/585\/revisions"}],"predecessor-version":[{"id":657,"href":"https:\/\/www.domainedebasil.com\/en\/wp-json\/wp\/v2\/pages\/585\/revisions\/657"}],"wp:featuredmedia":[{"embeddable":true,"href":"https:\/\/www.domainedebasil.com\/en\/wp-json\/wp\/v2\/media\/571"}],"wp:attachment":[{"href":"https:\/\/www.domainedebasil.com\/en\/wp-json\/wp\/v2\/media?parent=585"}],"curies":[{"name":"wp","href":"https:\/\/api.w.org\/{rel}","templated":true}]}}