{"id":478,"date":"2024-03-21T16:39:00","date_gmt":"2024-03-21T15:39:00","guid":{"rendered":"https:\/\/www2.domainedebasil.com\/?page_id=478"},"modified":"2024-04-25T17:06:52","modified_gmt":"2024-04-25T15:06:52","slug":"galerie-photos","status":"publish","type":"page","link":"https:\/\/www.domainedebasil.com\/en\/galerie-photos\/","title":{"rendered":"(Fran\u00e7ais) Galerie photos"},"content":{"rendered":"","protected":false},"excerpt":{"rendered":"","protected":false},"author":1,"featured_media":106,"parent":0,"menu_order":0,"comment_status":"closed","ping_status":"closed","template":"template-parts\/tpl-flexible.php","meta":{"_seopress_robots_primary_cat":"","_seopress_titles_title":"Galerie photos - Le Domaine de Basil - H\u00f4tel, Restaurent, G\u00eetes \u00e0 Orbey","_seopress_titles_desc":"D\u00e9couvrez en image le Domaine de Basil \u00e0 Orbey, notre charmant h\u00f4tel, les d\u00e9lices culinaires servis \u00e0 La Cocotte Rouge, et les moments magiques de nos \u00e9v\u00e9nements sur mesure.","_seopress_robots_index":"","footnotes":""},"acf":[],"_links":{"self":[{"href":"https:\/\/www.domainedebasil.com\/en\/wp-json\/wp\/v2\/pages\/478"}],"collection":[{"href":"https:\/\/www.domainedebasil.com\/en\/wp-json\/wp\/v2\/pages"}],"about":[{"href":"https:\/\/www.domainedebasil.com\/en\/wp-json\/wp\/v2\/types\/page"}],"author":[{"embeddable":true,"href":"https:\/\/www.domainedebasil.com\/en\/wp-json\/wp\/v2\/users\/1"}],"replies":[{"embeddable":true,"href":"https:\/\/www.domainedebasil.com\/en\/wp-json\/wp\/v2\/comments?post=478"}],"version-history":[{"count":15,"href":"https:\/\/www.domainedebasil.com\/en\/wp-json\/wp\/v2\/pages\/478\/revisions"}],"predecessor-version":[{"id":605,"href":"https:\/\/www.domainedebasil.com\/en\/wp-json\/wp\/v2\/pages\/478\/revisions\/605"}],"wp:featuredmedia":[{"embeddable":true,"href":"https:\/\/www.domainedebasil.com\/en\/wp-json\/wp\/v2\/media\/106"}],"wp:attachment":[{"href":"https:\/\/www.domainedebasil.com\/en\/wp-json\/wp\/v2\/media?parent=478"}],"curies":[{"name":"wp","href":"https:\/\/api.w.org\/{rel}","templated":true}]}}