{"id":428,"date":"2024-03-19T07:41:47","date_gmt":"2024-03-19T06:41:47","guid":{"rendered":"http:\/\/www2.domainedebasil.com\/?page_id=428"},"modified":"2024-04-25T16:58:47","modified_gmt":"2024-04-25T14:58:47","slug":"contact","status":"publish","type":"page","link":"https:\/\/www.domainedebasil.com\/en\/contact\/","title":{"rendered":"(Fran\u00e7ais) Contact"},"content":{"rendered":"<p class=\"qtranxs-available-languages-message qtranxs-available-languages-message-en\">Sorry, this entry is only available in <a href=\"https:\/\/www.domainedebasil.com\/fr\/wp-json\/wp\/v2\/pages\/428\" class=\"qtranxs-available-language-link qtranxs-available-language-link-fr\" title=\"Fran\u00e7ais\">Fran\u00e7ais<\/a>.<\/p>","protected":false},"excerpt":{"rendered":"<p>Sorry, this entry is only available in Fran\u00e7ais.<\/p>\n","protected":false},"author":3,"featured_media":0,"parent":0,"menu_order":0,"comment_status":"closed","ping_status":"closed","template":"template-parts\/tpl-contact.php","meta":{"_seopress_robots_primary_cat":"","_seopress_titles_title":"Contactez-nous ! R\u00e9servez votre s\u00e9jour au Domaine de Basil","_seopress_titles_desc":"R\u00e9servez votre s\u00e9jour \u00e0 Orbey ou Kaysersberg en Alsace. Contactez-nous pour des informations sur notre H\u00f4tel\/Restaurant et \u00e9v\u00e9nements sur mesure.","_seopress_robots_index":"","footnotes":""},"acf":[],"_links":{"self":[{"href":"https:\/\/www.domainedebasil.com\/en\/wp-json\/wp\/v2\/pages\/428"}],"collection":[{"href":"https:\/\/www.domainedebasil.com\/en\/wp-json\/wp\/v2\/pages"}],"about":[{"href":"https:\/\/www.domainedebasil.com\/en\/wp-json\/wp\/v2\/types\/page"}],"author":[{"embeddable":true,"href":"https:\/\/www.domainedebasil.com\/en\/wp-json\/wp\/v2\/users\/3"}],"replies":[{"embeddable":true,"href":"https:\/\/www.domainedebasil.com\/en\/wp-json\/wp\/v2\/comments?post=428"}],"version-history":[{"count":4,"href":"https:\/\/www.domainedebasil.com\/en\/wp-json\/wp\/v2\/pages\/428\/revisions"}],"predecessor-version":[{"id":654,"href":"https:\/\/www.domainedebasil.com\/en\/wp-json\/wp\/v2\/pages\/428\/revisions\/654"}],"wp:attachment":[{"href":"https:\/\/www.domainedebasil.com\/en\/wp-json\/wp\/v2\/media?parent=428"}],"curies":[{"name":"wp","href":"https:\/\/api.w.org\/{rel}","templated":true}]}}