{"id":385,"date":"2024-03-18T14:52:46","date_gmt":"2024-03-18T13:52:46","guid":{"rendered":"http:\/\/www2.domainedebasil.com\/?page_id=385"},"modified":"2026-03-10T15:19:58","modified_gmt":"2026-03-10T14:19:58","slug":"notre-equipe","status":"publish","type":"page","link":"https:\/\/www.domainedebasil.com\/en\/notre-equipe\/","title":{"rendered":"(Fran\u00e7ais) Notre \u00e9quipe"},"content":{"rendered":"","protected":false},"excerpt":{"rendered":"","protected":false},"author":3,"featured_media":476,"parent":0,"menu_order":0,"comment_status":"closed","ping_status":"closed","template":"template-parts\/tpl-flexible.php","meta":{"_seopress_robots_primary_cat":"","_seopress_titles_title":"Notre \u00e9quipe - Le Domaine de Basil","_seopress_titles_desc":"D\u00e9couvrez l'\u00e9quipe passionn\u00e9e du Domaine de Basil, un h\u00f4tel et restaurant nich\u00e9 en pleine nature \u00e0 Orbey, proche de Colmar.","_seopress_robots_index":"","footnotes":""},"acf":[],"_links":{"self":[{"href":"https:\/\/www.domainedebasil.com\/en\/wp-json\/wp\/v2\/pages\/385"}],"collection":[{"href":"https:\/\/www.domainedebasil.com\/en\/wp-json\/wp\/v2\/pages"}],"about":[{"href":"https:\/\/www.domainedebasil.com\/en\/wp-json\/wp\/v2\/types\/page"}],"author":[{"embeddable":true,"href":"https:\/\/www.domainedebasil.com\/en\/wp-json\/wp\/v2\/users\/3"}],"replies":[{"embeddable":true,"href":"https:\/\/www.domainedebasil.com\/en\/wp-json\/wp\/v2\/comments?post=385"}],"version-history":[{"count":29,"href":"https:\/\/www.domainedebasil.com\/en\/wp-json\/wp\/v2\/pages\/385\/revisions"}],"predecessor-version":[{"id":1168,"href":"https:\/\/www.domainedebasil.com\/en\/wp-json\/wp\/v2\/pages\/385\/revisions\/1168"}],"wp:featuredmedia":[{"embeddable":true,"href":"https:\/\/www.domainedebasil.com\/en\/wp-json\/wp\/v2\/media\/476"}],"wp:attachment":[{"href":"https:\/\/www.domainedebasil.com\/en\/wp-json\/wp\/v2\/media?parent=385"}],"curies":[{"name":"wp","href":"https:\/\/api.w.org\/{rel}","templated":true}]}}