{"id":380,"date":"2024-03-18T14:32:55","date_gmt":"2024-03-18T13:32:55","guid":{"rendered":"http:\/\/www2.domainedebasil.com\/?page_id=380"},"modified":"2026-03-10T15:23:06","modified_gmt":"2026-03-10T14:23:06","slug":"accueil","status":"publish","type":"page","link":"https:\/\/www.domainedebasil.com\/en\/","title":{"rendered":"(Fran\u00e7ais) Accueil"},"content":{"rendered":"","protected":false},"excerpt":{"rendered":"","protected":false},"author":3,"featured_media":382,"parent":0,"menu_order":0,"comment_status":"closed","ping_status":"closed","template":"template-parts\/tpl-freytimehome.php","meta":{"_seopress_robots_primary_cat":"","_seopress_titles_title":"Le Domaine de Basil - H\u00f4tel, Restaurent, G\u00eetes \u00e0 Orbey","_seopress_titles_desc":"\u00c9vadez-vous au Domaine de Basil \u00e0 Orbey en Alsace, nich\u00e9 \u00e0 700m d'altitude. Savourez une cuisine originale \u00e0 La Cocotte Rouge et s\u00e9journez \u00e0 l'H\u00f4tel ou dans les G\u00eetes du Domaine pour un s\u00e9jour inoubliable.","_seopress_robots_index":"","footnotes":""},"acf":[],"_links":{"self":[{"href":"https:\/\/www.domainedebasil.com\/en\/wp-json\/wp\/v2\/pages\/380"}],"collection":[{"href":"https:\/\/www.domainedebasil.com\/en\/wp-json\/wp\/v2\/pages"}],"about":[{"href":"https:\/\/www.domainedebasil.com\/en\/wp-json\/wp\/v2\/types\/page"}],"author":[{"embeddable":true,"href":"https:\/\/www.domainedebasil.com\/en\/wp-json\/wp\/v2\/users\/3"}],"replies":[{"embeddable":true,"href":"https:\/\/www.domainedebasil.com\/en\/wp-json\/wp\/v2\/comments?post=380"}],"version-history":[{"count":14,"href":"https:\/\/www.domainedebasil.com\/en\/wp-json\/wp\/v2\/pages\/380\/revisions"}],"predecessor-version":[{"id":1169,"href":"https:\/\/www.domainedebasil.com\/en\/wp-json\/wp\/v2\/pages\/380\/revisions\/1169"}],"wp:featuredmedia":[{"embeddable":true,"href":"https:\/\/www.domainedebasil.com\/en\/wp-json\/wp\/v2\/media\/382"}],"wp:attachment":[{"href":"https:\/\/www.domainedebasil.com\/en\/wp-json\/wp\/v2\/media?parent=380"}],"curies":[{"name":"wp","href":"https:\/\/api.w.org\/{rel}","templated":true}]}}