{"id":2,"date":"2022-07-01T11:42:37","date_gmt":"2022-07-01T09:42:37","guid":{"rendered":"http:\/\/domainedebasil.shop.freytime.com\/?page_id=2"},"modified":"2025-12-08T17:17:57","modified_gmt":"2025-12-08T16:17:57","slug":"le-domaine-de-basil-hotel-a-orbey","status":"publish","type":"page","link":"http:\/\/www.domainedebasil.com\/en\/le-domaine-de-basil-hotel-a-orbey\/","title":{"rendered":"Le domaine de Basil, h\u00f4tel \u00e0 Orbey"},"content":{"rendered":"<p><\/p>\n<h2>H\u00d4TEL EN ALSACE<\/h2>\n<div class=\"desc\">\n<p>L\u2019h\u00f4tel est nich\u00e9 en pleine nature, \u00e0 <strong>700 m\u00e8tres d\u2019altitude sur un flanc de montagne.<\/strong> Dans un cadre verdoyant, sa situation vous offre un air de toute puret\u00e9toute l\u2019ann\u00e9e et une vue imprenable sur la for\u00eat environnante, calme et repos assur\u00e9s !<\/p>\n<p>Nous pouvons accueillir jusqu\u2019\u00e0 30 personnes, r\u00e9parties en 5 chambres doubles et 3 suites familiales (1 suite enti\u00e8rement \u00e9quip\u00e9e Personne \u00e0 Mobilit\u00e9 R\u00e9duite). Nous proposons plusieurs formules : chambre + petits-d\u00e9jeuners, soir\u00e9e \u00e9tape, demi-pension. <strong>Les <\/strong>chambres sont confortables, soign\u00e9es et lumineuses. Certaines sont dot\u00e9es de terrasses orient\u00e9es sud-ouest et de salon TV. Les chiens sont bienvenus.<\/p>\n<p>Sur place : cartes de randonn\u00e9es, cartes VTT, livres, magazines, jeux de soci\u00e9t\u00e9s, ping-pong, jeux ext\u00e9rieurs pour enfants. Nous sommes \u00e0 votre \u00e9coute pour organiser \u00ab \u00e0 la carte \u00bb vos <strong>s\u00e9jours<\/strong> et vos <strong>\u00e9v\u00e9nements<\/strong> (mariages, anniversaires, s\u00e9minaires, f\u00eates, communions, michoui, barbecue\u2026)<\/p>\n<p><strong>2 nuit\u00e9es minimum durant les week-end du March\u00e9 de No\u00ebl, merci de votre compr\u00e9hension.<\/strong><\/p>\n<\/div>\n<p><\/p>","protected":false},"excerpt":{"rendered":"<p>H\u00d4TEL EN ALSACE L\u2019h\u00f4tel est nich\u00e9 en pleine nature, \u00e0 700 m\u00e8tres d\u2019altitude sur un flanc de montagne. Dans un cadre verdoyant, sa situation vous offre un air de toute puret\u00e9toute l\u2019ann\u00e9e et une vue imprenable sur la for\u00eat environnante, calme et repos assur\u00e9s ! Nous pouvons accueillir jusqu\u2019\u00e0 30 personnes, r\u00e9parties en 5 chambres [&hellip;]<\/p>\n","protected":false},"author":1,"featured_media":42,"parent":0,"menu_order":0,"comment_status":"closed","ping_status":"closed","template":"template-parts\/tpl-domainebasil.php","meta":{"_seopress_robots_primary_cat":"","_seopress_titles_title":"H\u00f4tel - Le Domaine de Basil","_seopress_titles_desc":"Nich\u00e9 en pleine nature, notre h\u00f4tel en Alsace offre une vue imprenable sur la for\u00eat. Profitez de formules vari\u00e9es et d'\u00e9quipements adapt\u00e9s pour un s\u00e9jour inoubliable.","_seopress_robots_index":"","footnotes":""},"acf":[],"_links":{"self":[{"href":"http:\/\/www.domainedebasil.com\/en\/wp-json\/wp\/v2\/pages\/2"}],"collection":[{"href":"http:\/\/www.domainedebasil.com\/en\/wp-json\/wp\/v2\/pages"}],"about":[{"href":"http:\/\/www.domainedebasil.com\/en\/wp-json\/wp\/v2\/types\/page"}],"author":[{"embeddable":true,"href":"http:\/\/www.domainedebasil.com\/en\/wp-json\/wp\/v2\/users\/1"}],"replies":[{"embeddable":true,"href":"http:\/\/www.domainedebasil.com\/en\/wp-json\/wp\/v2\/comments?post=2"}],"version-history":[{"count":69,"href":"http:\/\/www.domainedebasil.com\/en\/wp-json\/wp\/v2\/pages\/2\/revisions"}],"predecessor-version":[{"id":1134,"href":"http:\/\/www.domainedebasil.com\/en\/wp-json\/wp\/v2\/pages\/2\/revisions\/1134"}],"wp:featuredmedia":[{"embeddable":true,"href":"http:\/\/www.domainedebasil.com\/en\/wp-json\/wp\/v2\/media\/42"}],"wp:attachment":[{"href":"http:\/\/www.domainedebasil.com\/en\/wp-json\/wp\/v2\/media?parent=2"}],"curies":[{"name":"wp","href":"https:\/\/api.w.org\/{rel}","templated":true}]}}